{"id":191,"date":"2019-03-13T19:08:23","date_gmt":"2019-03-13T19:08:23","guid":{"rendered":"http:\/\/naf.fearp.usp.br\/?page_id=191"},"modified":"2021-07-07T14:59:19","modified_gmt":"2021-07-07T14:59:19","slug":"irpf","status":"publish","type":"page","link":"https:\/\/naf.fearp.usp.br\/index.php\/irpf\/","title":{"rendered":"IRPF"},"content":{"rendered":"\n<figure class=\"wp-block-gallery aligncenter columns-1 is-cropped wp-block-gallery-1 is-layout-flex wp-block-gallery-is-layout-flex\"><ul class=\"blocks-gallery-grid\"><li class=\"blocks-gallery-item\"><figure><img fetchpriority=\"high\" decoding=\"async\" width=\"633\" height=\"362\" src=\"https:\/\/naf.fearp.usp.br\/wp-content\/uploads\/2021\/07\/Secretaria-da-Receita-Federal-do-Brasil-Declaracao-de-Imposto-de-Renda-IR1.png\" alt=\"\" data-id=\"694\" data-full-url=\"https:\/\/naf.fearp.usp.br\/wp-content\/uploads\/2021\/07\/Secretaria-da-Receita-Federal-do-Brasil-Declaracao-de-Imposto-de-Renda-IR1.png\" data-link=\"https:\/\/naf.fearp.usp.br\/index.php\/irpf\/secretaria-da-receita-federal-do-brasil-declaracao-de-imposto-de-renda-ir1\/\" class=\"wp-image-694\" srcset=\"https:\/\/naf.fearp.usp.br\/wp-content\/uploads\/2021\/07\/Secretaria-da-Receita-Federal-do-Brasil-Declaracao-de-Imposto-de-Renda-IR1.png 633w, https:\/\/naf.fearp.usp.br\/wp-content\/uploads\/2021\/07\/Secretaria-da-Receita-Federal-do-Brasil-Declaracao-de-Imposto-de-Renda-IR1-300x172.png 300w\" sizes=\"(max-width: 633px) 100vw, 633px\" \/><\/figure><\/li><\/ul><\/figure>\n\n\n\n<p class=\"has-very-dark-gray-color has-text-color\">O prazo de entrega da declara\u00e7\u00e3o do IRPF j\u00e1 \u00e9 comum nas not\u00edcias: at\u00e9 30 de abril de cada ano. E a FEARP\/USP, com o engajamento dos seus alunos, est\u00e1 ajudando no <a rel=\"noreferrer noopener\" href=\"http:\/\/receita.economia.gov.br\/acesso-rapido\/direitos-e-deveres\/educacao-fiscal\/naf\">projeto de Educa\u00e7\u00e3o Fiscal da Receita Federal<\/a> ao contribuir com orienta\u00e7\u00e3o \u00e0 sociedade. Dentre <a rel=\"noreferrer noopener\" aria-label=\"nossos servi\u00e7os (abre numa nova aba)\" href=\"http:\/\/naf.fearp.usp.br\/index.php\/servicos-disponibilizados\/\" target=\"_blank\">nossos servi\u00e7os<\/a>, existe o item: ajudar o contribuinte a elaborar sua Declara\u00e7\u00e3o de Ajuste Anual do IRPF. <\/p>\n\n\n\n<p>Uma das formas para ajud\u00e1-los \u00e9 sendo um espa\u00e7o para retirar d\u00favidas por meio dos <a rel=\"noreferrer noopener\" aria-label=\"nossos atendimentos (abre numa nova aba)\" href=\"http:\/\/naf.fearp.usp.br\/index.php\/atendimento\/\" target=\"_blank\">nossos atendimentos<\/a>, presenciais e online. Al\u00e9m de possuir um site com informa\u00e7\u00f5es confi\u00e1veis. <\/p>\n\n\n\n<p class=\"has-cyan-bluish-gray-background-color has-background has-medium-font-size\"><strong>CATEGORIAS <\/strong><\/p>\n\n\n\n<div class=\"wp-block-columns are-vertically-aligned-center is-layout-flex wp-container-core-columns-layout-1 wp-block-columns-is-layout-flex\">\n<div class=\"wp-block-column is-vertically-aligned-center is-layout-flow wp-block-column-is-layout-flow\" style=\"flex-basis:66.67%\">\n<div class=\"wp-block-group\"><div class=\"wp-block-group__inner-container is-layout-flow wp-block-group-is-layout-flow\"><ul class=\"wp-block-categories-list wp-block-categories\">\t<li class=\"cat-item cat-item-10\"><a href=\"https:\/\/naf.fearp.usp.br\/index.php\/category\/atendimento\/\">Atendimento<\/a> (6)\n<\/li>\n\t<li class=\"cat-item cat-item-8\"><a href=\"https:\/\/naf.fearp.usp.br\/index.php\/category\/eventos\/\">Eventos<\/a> (3)\n<\/li>\n\t<li class=\"cat-item cat-item-4\"><a href=\"https:\/\/naf.fearp.usp.br\/index.php\/category\/irpf\/\">IRPF<\/a> (18)\n<ul class='children'>\n\t<li class=\"cat-item cat-item-5\"><a href=\"https:\/\/naf.fearp.usp.br\/index.php\/category\/irpf\/2018\/\">2018<\/a> (1)\n<\/li>\n\t<li class=\"cat-item cat-item-16\"><a href=\"https:\/\/naf.fearp.usp.br\/index.php\/category\/irpf\/2019\/\">2019<\/a> (2)\n<\/li>\n\t<li class=\"cat-item cat-item-19\"><a href=\"https:\/\/naf.fearp.usp.br\/index.php\/category\/irpf\/2020\/\">2020<\/a> (1)\n<\/li>\n\t<li class=\"cat-item cat-item-15\"><a href=\"https:\/\/naf.fearp.usp.br\/index.php\/category\/irpf\/2021\/\">2021<\/a> (4)\n<\/li>\n\t<li class=\"cat-item cat-item-20\"><a href=\"https:\/\/naf.fearp.usp.br\/index.php\/category\/irpf\/2022\/\">2022<\/a> (3)\n<\/li>\n\t<li class=\"cat-item cat-item-21\"><a href=\"https:\/\/naf.fearp.usp.br\/index.php\/category\/irpf\/2023\/\">2023<\/a> (1)\n<\/li>\n\t<li class=\"cat-item cat-item-23\"><a href=\"https:\/\/naf.fearp.usp.br\/index.php\/category\/irpf\/2024-irpf\/\">2024<\/a> (2)\n<\/li>\n\t<li class=\"cat-item cat-item-24\"><a href=\"https:\/\/naf.fearp.usp.br\/index.php\/category\/irpf\/2025\/\">2025<\/a> (1)\n<\/li>\n\t<li class=\"cat-item cat-item-18\"><a href=\"https:\/\/naf.fearp.usp.br\/index.php\/category\/irpf\/aprendendo-irpf\/\">Aprendendo IRPF<\/a> (3)\n<\/li>\n<\/ul>\n<\/li>\n\t<li class=\"cat-item cat-item-7\"><a href=\"https:\/\/naf.fearp.usp.br\/index.php\/category\/mei\/\">MEI<\/a> (1)\n<\/li>\n\t<li class=\"cat-item cat-item-11\"><a href=\"https:\/\/naf.fearp.usp.br\/index.php\/category\/noticiasirpf\/\">Not\u00edcias IRPF<\/a> (4)\n<\/li>\n\t<li class=\"cat-item cat-item-1\"><a href=\"https:\/\/naf.fearp.usp.br\/index.php\/category\/uncategorized\/\">Sem categoria<\/a> (2)\n<\/li>\n<\/ul><\/div><\/div>\n<\/div>\n\n\n\n<div class=\"wp-block-column is-layout-flow wp-block-column-is-layout-flow\" style=\"flex-basis:33.33%\"><\/div>\n<\/div>\n\n\n\n<p class=\"has-luminous-vivid-amber-background-color has-background has-medium-font-size\">Acesse todas as postagens feitas para ajudar voc\u00ea a fazer sua declara\u00e7\u00e3o do imposto de renda clicando na categoria <strong>&#8220;Aprendendo IRPF&#8221;.<\/strong><\/p>\n","protected":false},"excerpt":{"rendered":"<p>O prazo de entrega da declara\u00e7\u00e3o do IRPF j\u00e1 \u00e9 comum nas not\u00edcias: at\u00e9 30 de abril de cada ano. E a FEARP\/USP, com o engajamento&hellip;<\/p>\n","protected":false},"author":1,"featured_media":0,"parent":0,"menu_order":0,"comment_status":"closed","ping_status":"closed","template":"","meta":{"footnotes":""},"_links":{"self":[{"href":"https:\/\/naf.fearp.usp.br\/index.php\/wp-json\/wp\/v2\/pages\/191"}],"collection":[{"href":"https:\/\/naf.fearp.usp.br\/index.php\/wp-json\/wp\/v2\/pages"}],"about":[{"href":"https:\/\/naf.fearp.usp.br\/index.php\/wp-json\/wp\/v2\/types\/page"}],"author":[{"embeddable":true,"href":"https:\/\/naf.fearp.usp.br\/index.php\/wp-json\/wp\/v2\/users\/1"}],"replies":[{"embeddable":true,"href":"https:\/\/naf.fearp.usp.br\/index.php\/wp-json\/wp\/v2\/comments?post=191"}],"version-history":[{"count":19,"href":"https:\/\/naf.fearp.usp.br\/index.php\/wp-json\/wp\/v2\/pages\/191\/revisions"}],"predecessor-version":[{"id":706,"href":"https:\/\/naf.fearp.usp.br\/index.php\/wp-json\/wp\/v2\/pages\/191\/revisions\/706"}],"wp:attachment":[{"href":"https:\/\/naf.fearp.usp.br\/index.php\/wp-json\/wp\/v2\/media?parent=191"}],"curies":[{"name":"wp","href":"https:\/\/api.w.org\/{rel}","templated":true}]}}