{"id":2,"date":"2018-09-24T23:03:45","date_gmt":"2018-09-24T23:03:45","guid":{"rendered":"http:\/\/naf.fearp.usp.br\/?page_id=2"},"modified":"2024-05-13T18:06:50","modified_gmt":"2024-05-13T18:06:50","slug":"atendimento","status":"publish","type":"page","link":"https:\/\/naf.fearp.usp.br\/index.php\/atendimento\/","title":{"rendered":"Atendimento"},"content":{"rendered":"\n<p class=\"has-text-color\" style=\"color:#049a63\">Como funciona?<\/p>\n\n\n\n<p><strong>Atendimento via e-mail <\/strong><br>Preencha o formul\u00e1rio abaixo que enviaremos a resposta por meio do nosso e-mail: <strong>naf@fearp.usp.br<\/strong><\/p>\n\n\n\n<p><strong>Atendimento presencial<\/strong><br>N\u00e3o haver\u00e1 atendimentos presenciais. <\/p>\n\n\n\n<p class=\"has-text-color\" style=\"color:#049a63\">Per\u00edodo <\/p>\n\n\n\n<p class=\"has-black-color has-text-color\"><strong>Receberemos as d\u00favidas at\u00e9 dia 15 de maio de 2024.<\/strong> Nos envie o quanto antes sua d\u00favida para que possamos ter tempo de te orientar!<\/p>\n\n\n\n<p class=\"has-text-color\" style=\"color:#049a63\">Prazos importantes!<\/p>\n\n\n\n<p>O prazo de entrega da Declara\u00e7\u00e3o de Ajuste Anual de Imposto de Renda&nbsp;de Pessoa F\u00edsica de 2024 (IRPF 2024) \u00e9 at\u00e9&nbsp;o dia <strong>31 de maio \u00e0s 23h59min59s. <\/strong><\/p>\n\n\n\n<p><\/p>\n\n\n\n<p class=\"has-text-align-center has-black-color has-text-color has-background has-normal-font-size\" style=\"background-color:#f9fa00\"><strong>Preencha o formul\u00e1rio abaixo para ser atendido(a)!<\/strong><\/p>\n\n\n\n<p class=\"has-text-align-center has-very-light-gray-background-color has-background has-medium-font-size\"><strong>Formul\u00e1rio para o Atendimento<\/strong><\/p>\n\n\n\n<div role=\"form\" class=\"wpcf7\" id=\"wpcf7-f235-o1\" lang=\"en-US\" dir=\"ltr\">\n<div class=\"screen-reader-response\"><p role=\"status\" aria-live=\"polite\" aria-atomic=\"true\"><\/p> <ul><\/ul><\/div>\n<form action=\"\/index.php\/wp-json\/wp\/v2\/pages\/2#wpcf7-f235-o1\" method=\"post\" class=\"wpcf7-form init\" novalidate=\"novalidate\" data-status=\"init\">\n<div style=\"display: none;\">\n<input type=\"hidden\" name=\"_wpcf7\" value=\"235\" \/>\n<input type=\"hidden\" name=\"_wpcf7_version\" value=\"5.5.6.1\" \/>\n<input type=\"hidden\" name=\"_wpcf7_locale\" value=\"en_US\" \/>\n<input type=\"hidden\" name=\"_wpcf7_unit_tag\" value=\"wpcf7-f235-o1\" \/>\n<input type=\"hidden\" name=\"_wpcf7_container_post\" value=\"0\" \/>\n<input type=\"hidden\" name=\"_wpcf7_posted_data_hash\" value=\"\" \/>\n<\/div>\n<p>Ol\u00e1, seja bem-vindo ao N\u00facleo de Apoio Cont\u00e1bil e Fiscal da Faculdade de Economia, Administra\u00e7\u00e3o e Contabilidade de Ribeir\u00e3o Preto da Universidade de S\u00e3o Paulo (NAF FEARP\/USP). Para conhecer um pouco sobre essa atividade de extens\u00e3o da FEARP\/USP em parceria com a Receita Federal do Brasil acesse: <a href=\"https:\/\/naf.fearp.usp.br\/index.php\/quemsomos\/\"target=\"_blank\">https:\/\/naf.fearp.usp.br\/index.php\/quemsomos\/<\/a><\/p>\n<p>Estamos no in\u00edcio da constru\u00e7\u00e3o do nosso n\u00facleo, portanto, oferecemos apenas os seguintes servi\u00e7os gratuitamente:<br \/>\n- Aux\u00edlio \u00e0 elabora\u00e7\u00e3o e orienta\u00e7\u00f5es sobre a Declara\u00e7\u00e3o de Ajuste Anual do IRPF<br \/>\n- Aux\u00edlio \u00e0 inscri\u00e7\u00e3o e Informa\u00e7\u00f5es gerais sobre o Microempreendedor Individual<\/p>\n<p>Por uma quest\u00e3o de organiza\u00e7\u00e3o, pedimos que preencha corretamente com suas informa\u00e7\u00f5es abaixo e sua d\u00favida para que possamos te ajudar! Iremos nos contatar por meio do e-mail:  <font color=\"#57B847\">naf@fearp.usp.br<\/font><\/p>\n<p><label><b> Nome Completo (obrigat\u00f3rio)<br \/>\n    <span class=\"wpcf7-form-control-wrap your-name\"><input type=\"text\" name=\"your-name\" value=\"\" size=\"40\" class=\"wpcf7-form-control wpcf7-text wpcf7-validates-as-required\" aria-required=\"true\" aria-invalid=\"false\" \/><\/span> <\/label><\/b><\/p>\n<p><span class=\"wpcf7-form-control-wrap Data\"><input type=\"date\" name=\"Data\" value=\"\" class=\"wpcf7-form-control wpcf7-date wpcf7-validates-as-required wpcf7-validates-as-date\" aria-required=\"true\" aria-invalid=\"false\" \/><\/span><\/p>\n<p><b><label> Tipo de Usu\u00e1rio dos Servi\u00e7os NAF<\/label><\/b><br \/>\n<span class=\"wpcf7-form-control-wrap TipodeUsuriodosServiosNAF\"><span class=\"wpcf7-form-control wpcf7-checkbox wpcf7-validates-as-required wpcf7-exclusive-checkbox\"><span class=\"wpcf7-list-item first\"><label><input type=\"checkbox\" name=\"TipodeUsuriodosServiosNAF\" value=\"Pessoa F\u00edsica\" \/><span class=\"wpcf7-list-item-label\">Pessoa F\u00edsica<\/span><\/label><\/span><span class=\"wpcf7-list-item\"><label><input type=\"checkbox\" name=\"TipodeUsuriodosServiosNAF\" value=\"Microempreendedor Individual\" \/><span class=\"wpcf7-list-item-label\">Microempreendedor Individual<\/span><\/label><\/span><span class=\"wpcf7-list-item\"><label><input type=\"checkbox\" name=\"TipodeUsuriodosServiosNAF\" value=\"Microempresa optante pelo Simples Nacional\" \/><span class=\"wpcf7-list-item-label\">Microempresa optante pelo Simples Nacional<\/span><\/label><\/span><span class=\"wpcf7-list-item\"><label><input type=\"checkbox\" name=\"TipodeUsuriodosServiosNAF\" value=\"Empresa de Pequeno Porte optante pelo Simples Nacional\" \/><span class=\"wpcf7-list-item-label\">Empresa de Pequeno Porte optante pelo Simples Nacional<\/span><\/label><\/span><span class=\"wpcf7-list-item\"><label><input type=\"checkbox\" name=\"TipodeUsuriodosServiosNAF\" value=\"Entidade sem fins lucrativos\" \/><span class=\"wpcf7-list-item-label\">Entidade sem fins lucrativos<\/span><\/label><\/span><span class=\"wpcf7-list-item last\"><label><input type=\"checkbox\" name=\"TipodeUsuriodosServiosNAF\" value=\"Outros\" \/><span class=\"wpcf7-list-item-label\">Outros<\/span><\/label><\/span><\/span><\/span><\/p>\n<p><b><label> Qual o tipo de d\u00favida?<\/label><\/b><br \/>\n<span class=\"wpcf7-form-control-wrap Qualtipodeserviocorrespondesuadvida\"><span class=\"wpcf7-form-control wpcf7-checkbox wpcf7-validates-as-required wpcf7-exclusive-checkbox\"><span class=\"wpcf7-list-item first\"><label><input type=\"checkbox\" name=\"Qualtipodeserviocorrespondesuadvida\" value=\"Aux\u00edlio \u00e0 elabora\u00e7\u00e3o e orienta\u00e7\u00f5es sobre a Declara\u00e7\u00e3o de Ajuste Anual do IRPF\" \/><span class=\"wpcf7-list-item-label\">Aux\u00edlio \u00e0 elabora\u00e7\u00e3o e orienta\u00e7\u00f5es sobre a Declara\u00e7\u00e3o de Ajuste Anual do IRPF<\/span><\/label><\/span><span class=\"wpcf7-list-item last\"><label><input type=\"checkbox\" name=\"Qualtipodeserviocorrespondesuadvida\" value=\"Aux\u00edlio \u00e0 inscri\u00e7\u00e3o e Informa\u00e7\u00f5es gerais sobre o Microempreendedor Individual\" \/><span class=\"wpcf7-list-item-label\">Aux\u00edlio \u00e0 inscri\u00e7\u00e3o e Informa\u00e7\u00f5es gerais sobre o Microempreendedor Individual<\/span><\/label><\/span><\/span><\/span><\/p>\n<p><b><label> Telefone<br \/>\n  <span class=\"wpcf7-form-control-wrap seu-telefone\"><input type=\"text\" name=\"seu-telefone\" value=\"\" size=\"40\" class=\"wpcf7-form-control wpcf7-text\" aria-invalid=\"false\" \/><\/span> <\/label><\/b><\/p>\n<p><b><label> Seu e-mail (obrigat\u00f3rio)<br \/>\n    <span class=\"wpcf7-form-control-wrap your-email\"><input type=\"email\" name=\"your-email\" value=\"\" size=\"40\" class=\"wpcf7-form-control wpcf7-text wpcf7-email wpcf7-validates-as-required wpcf7-validates-as-email\" aria-required=\"true\" aria-invalid=\"false\" \/><\/span> <\/label><\/b><\/p>\n<p><b><label> Assunto<br \/>\n    <span class=\"wpcf7-form-control-wrap your-subject\"><input type=\"text\" name=\"your-subject\" value=\"\" size=\"40\" class=\"wpcf7-form-control wpcf7-text\" aria-invalid=\"false\" \/><\/span> <\/label><\/b><\/p>\n<p><b><label> Qual sua d\u00favida? (obrigat\u00f3rio)<br \/>\n    <span class=\"wpcf7-form-control-wrap your-message\"><textarea name=\"your-message\" cols=\"40\" rows=\"10\" class=\"wpcf7-form-control wpcf7-textarea wpcf7-validates-as-required\" aria-required=\"true\" aria-invalid=\"false\"><\/textarea><\/span> <\/label><\/b><\/p>\n<p><input type=\"submit\" value=\"Enviar\" class=\"wpcf7-form-control has-spinner wpcf7-submit\" \/><\/p>\n<p style=\"display: none !important;\" class=\"akismet-fields-container\" data-prefix=\"_wpcf7_ak_\"><label>&#916;<textarea name=\"_wpcf7_ak_hp_textarea\" cols=\"45\" rows=\"8\" maxlength=\"100\"><\/textarea><\/label><input type=\"hidden\" id=\"ak_js_1\" name=\"_wpcf7_ak_js\" value=\"137\"\/><script type=\"text\/javascript\">\n\/* <![CDATA[ *\/\ndocument.getElementById( \"ak_js_1\" ).setAttribute( \"value\", ( new Date() ).getTime() );\n\/* ]]> *\/\n<\/script>\n<\/p><div class=\"wpcf7-response-output\" aria-hidden=\"true\"><\/div><\/form><\/div>\n\n\n\n<p><\/p>\n","protected":false},"excerpt":{"rendered":"<p>Como funciona? Atendimento via e-mail Preencha o formul\u00e1rio abaixo que enviaremos a resposta por meio do nosso e-mail: naf@fearp.usp.br Atendimento presencialN\u00e3o haver\u00e1 atendimentos presenciais. Per\u00edodo Receberemos&hellip;<\/p>\n","protected":false},"author":1,"featured_media":0,"parent":0,"menu_order":0,"comment_status":"closed","ping_status":"open","template":"","meta":{"footnotes":""},"_links":{"self":[{"href":"https:\/\/naf.fearp.usp.br\/index.php\/wp-json\/wp\/v2\/pages\/2"}],"collection":[{"href":"https:\/\/naf.fearp.usp.br\/index.php\/wp-json\/wp\/v2\/pages"}],"about":[{"href":"https:\/\/naf.fearp.usp.br\/index.php\/wp-json\/wp\/v2\/types\/page"}],"author":[{"embeddable":true,"href":"https:\/\/naf.fearp.usp.br\/index.php\/wp-json\/wp\/v2\/users\/1"}],"replies":[{"embeddable":true,"href":"https:\/\/naf.fearp.usp.br\/index.php\/wp-json\/wp\/v2\/comments?post=2"}],"version-history":[{"count":51,"href":"https:\/\/naf.fearp.usp.br\/index.php\/wp-json\/wp\/v2\/pages\/2\/revisions"}],"predecessor-version":[{"id":818,"href":"https:\/\/naf.fearp.usp.br\/index.php\/wp-json\/wp\/v2\/pages\/2\/revisions\/818"}],"wp:attachment":[{"href":"https:\/\/naf.fearp.usp.br\/index.php\/wp-json\/wp\/v2\/media?parent=2"}],"curies":[{"name":"wp","href":"https:\/\/api.w.org\/{rel}","templated":true}]}}