{"id":9,"date":"2018-09-24T23:04:58","date_gmt":"2018-09-24T23:04:58","guid":{"rendered":"http:\/\/naf.fearp.usp.br\/?page_id=9"},"modified":"2019-06-03T16:31:23","modified_gmt":"2019-06-03T16:31:23","slug":"quemsomos","status":"publish","type":"page","link":"https:\/\/naf.fearp.usp.br\/index.php\/quemsomos\/","title":{"rendered":"Quem Somos"},"content":{"rendered":"\n<div class=\"wp-block-image\"><figure class=\"aligncenter\"><img fetchpriority=\"high\" decoding=\"async\" width=\"800\" height=\"238\" src=\"http:\/\/naf.fearp.usp.br\/wp-content\/uploads\/2019\/03\/Fachada_Bloco-B2_FEARP21-1.jpg\" alt=\"\" class=\"wp-image-256\" srcset=\"https:\/\/naf.fearp.usp.br\/wp-content\/uploads\/2019\/03\/Fachada_Bloco-B2_FEARP21-1.jpg 800w, https:\/\/naf.fearp.usp.br\/wp-content\/uploads\/2019\/03\/Fachada_Bloco-B2_FEARP21-1-300x89.jpg 300w, https:\/\/naf.fearp.usp.br\/wp-content\/uploads\/2019\/03\/Fachada_Bloco-B2_FEARP21-1-768x228.jpg 768w\" sizes=\"(max-width: 800px) 100vw, 800px\" \/><\/figure><\/div>\n\n\n\n<p style=\"background-color:#f7f7f7;text-align:center\" class=\"has-background has-large-font-size\"><strong>A Faculdade<\/strong><\/p>\n\n\n\n<p>A Faculdade de Economia, Administra\u00e7\u00e3o e Contabilidade de Ribeir\u00e3o Preto (FEARP-USP) fundada em 1992 \u00e9 uma escola de neg\u00f3cios direcionada ao ensino de gradua\u00e7\u00e3o e de p\u00f3s gradua\u00e7\u00e3o. Os cursos oferecidos na gradua\u00e7\u00e3o s\u00e3o: Administra\u00e7\u00e3o, Ci\u00eancias Econ\u00f4micas, Ci\u00eancias Cont\u00e1beis e Economia Empresarial e Controladoria. Na p\u00f3s gradua\u00e7\u00e3o s\u00e3o oferecidos tr\u00eas programas: Controladoria e Contabilidade (mestrado e doutorado), Economia &#8211; \u00c1rea: Economia Aplicada (mestrado) e Administra\u00e7\u00e3o de Organiza\u00e7\u00f5es (mestrado e doutorado).<\/p>\n\n\n\n<p style=\"background-color:#fdfdfd\" class=\"has-background\">Para saber mais sobre a faculdade acesse:  <a href=\"https:\/\/fearp.usp.br\/\">https:\/\/fearp.usp.br\/<\/a> <\/p>\n\n\n\n<p> A <strong>Universidade de S\u00e3o Paulo<\/strong> possui tr\u00eas pilares de atua\u00e7\u00e3o: Ensino, Pesquisa e Extens\u00e3o.  <strong>Conhe\u00e7a o Campus de Ribeir\u00e3o Preto e seus servi\u00e7os.<\/strong><\/p>\n\n\n\n<figure class=\"wp-block-embed-youtube aligncenter wp-block-embed is-type-video is-provider-youtube wp-embed-aspect-16-9 wp-has-aspect-ratio\"><div class=\"wp-block-embed__wrapper\">\n<iframe title=\"V\u00eddeo institucional Campus USP Ribeir\u00e3o Preto\" width=\"500\" height=\"281\" src=\"https:\/\/www.youtube.com\/embed\/NVAjBIoe-k8?feature=oembed\" frameborder=\"0\" allow=\"accelerometer; autoplay; clipboard-write; encrypted-media; gyroscope; picture-in-picture\" allowfullscreen><\/iframe>\n<\/div><\/figure>\n\n\n\n<p style=\"background-color:#f7f7f7\" class=\"has-background has-large-font-size\"><strong>O que \u00e9 o N\u00facleo de Apoio Cont\u00e1bil e Fiscal da FEARP?<\/strong><\/p>\n\n\n<p align=\"justify\">O <strong>NAF FEARP-USP<\/strong>, atividade de extens\u00e3o da faculdade, resulta de um <a href=\"https:\/\/www.fearp.usp.br\/item\/5600-fea-rp-assina-acordo-com-delegacia-da-receita-federal.html\" target=\"_blank\" rel=\"noopener noreferrer\"><span style=\"color: #57b847;\">acordo de coopera\u00e7\u00e3o t\u00e9cnica entre a FEA-RP com a Delegacia da Receita Federal de Ribeir\u00e3o Preto<\/span><\/a> assinado em 16 de outubro de 2017.<\/p>\n<p align=\"justify\">As atividades do NAF FEARP-USP s\u00e3o coordenadas pelos professores Amaury Jos\u00e9 Rezende e Silvio Hiroshi Nakao e desenvolvidas por meio da disciplina optativa de Educa\u00e7\u00e3o Tribut\u00e1ria I.<\/p>\n<p align=\"justify\"><strong>Os alunos por meio dessa disciplina s\u00e3o orientados e capacitados com os cursos ministrados pela Receita Federal para prestar servi\u00e7os gratuitos para pessoas f\u00edsicas e jur\u00eddicas de baixa renda<\/strong>. O objetivo \u00e9 ser um espa\u00e7o de orienta\u00e7\u00e3o sobre Imposto de Renda de Pessoa F\u00edsica (IRPF) e Microempreendedor Individual (MEI).<\/p>\n<p align=\"justify\">N\u00e3o substitu\u00edmos os pontos de atendimentos da Receita Federal nem os escrit\u00f3rios de contabilidade.&nbsp;<\/p>\n<p align=\"justify\"><\/p>\n\n\n<p style=\"background-color:#f7f7f7\" class=\"has-background has-large-font-size\"><strong>Como ser atendido?<\/strong><\/p>\n\n\n\n<p><strong>Para saber como funciona o atendimento acesse<\/strong>: <a href=\"http:\/\/naf.fearp.usp.br\/index.php\/atendimento\/\" target=\"_blank\" rel=\"noreferrer noopener\">http:\/\/naf.fearp.usp.br\/index.php\/atendimento\/<\/a><\/p>\n\n\n\n<p style=\"background-color:#f7f7f7\" class=\"has-background has-large-font-size\"><strong>Quais s\u00e3o os nossos servi\u00e7os?<\/strong><\/p>\n\n\n\n<p><strong>Para saber que servi\u00e7os oferecemos acesse:<\/strong>  <br><a href=\"http:\/\/naf.fearp.usp.br\/index.php\/servicos-disponibilizados\/\">http:\/\/naf.fearp.usp.br\/index.php\/servicos-disponibilizados\/<\/a> <\/p>\n","protected":false},"excerpt":{"rendered":"<p>A Faculdade A Faculdade de Economia, Administra\u00e7\u00e3o e Contabilidade de Ribeir\u00e3o Preto (FEARP-USP) fundada em 1992 \u00e9 uma escola de neg\u00f3cios direcionada ao ensino de gradua\u00e7\u00e3o&hellip;<\/p>\n","protected":false},"author":1,"featured_media":0,"parent":0,"menu_order":0,"comment_status":"closed","ping_status":"closed","template":"","meta":{"footnotes":""},"_links":{"self":[{"href":"https:\/\/naf.fearp.usp.br\/index.php\/wp-json\/wp\/v2\/pages\/9"}],"collection":[{"href":"https:\/\/naf.fearp.usp.br\/index.php\/wp-json\/wp\/v2\/pages"}],"about":[{"href":"https:\/\/naf.fearp.usp.br\/index.php\/wp-json\/wp\/v2\/types\/page"}],"author":[{"embeddable":true,"href":"https:\/\/naf.fearp.usp.br\/index.php\/wp-json\/wp\/v2\/users\/1"}],"replies":[{"embeddable":true,"href":"https:\/\/naf.fearp.usp.br\/index.php\/wp-json\/wp\/v2\/comments?post=9"}],"version-history":[{"count":28,"href":"https:\/\/naf.fearp.usp.br\/index.php\/wp-json\/wp\/v2\/pages\/9\/revisions"}],"predecessor-version":[{"id":565,"href":"https:\/\/naf.fearp.usp.br\/index.php\/wp-json\/wp\/v2\/pages\/9\/revisions\/565"}],"wp:attachment":[{"href":"https:\/\/naf.fearp.usp.br\/index.php\/wp-json\/wp\/v2\/media?parent=9"}],"curies":[{"name":"wp","href":"https:\/\/api.w.org\/{rel}","templated":true}]}}